{"id":18345,"date":"2022-12-15T10:51:43","date_gmt":"2022-12-15T09:51:43","guid":{"rendered":"https:\/\/servisoud-et.com\/?page_id=18345"},"modified":"2025-10-09T12:12:09","modified_gmt":"2025-10-09T10:12:09","slug":"welding-equipment","status":"publish","type":"page","link":"https:\/\/servisoud-et.com\/en\/welding-equipment\/","title":{"rendered":"Welding equipment"},"content":{"rendered":"<div class=\"wpb-content-wrapper\"><p>[vc_row][vc_column][vc_column_text]<\/p>\n<h2>Welding equipment<\/h2>\n<p>[\/vc_column_text][vc_column_text css=&#8221;&#8221;]<span style=\"font-size: 1.1em;\">Discover our range of welding equipment available for <strong><span style=\"color: #009de0;\">sale or rental<\/span><\/strong>: MIG\/MAG generators, TIG generators, ARC generators, plasma cutting generators, fume extraction, welding cameras, &#8230;<\/span>[\/vc_column_text][vc_empty_space height=&#8221;10&#8243;][\/vc_column][\/vc_row][vc_row][vc_column width=&#8221;1\/3&#8243;]<div class=\"ult-ih-container ult-adjust-bottom-margin  \" >\t<ul class=\"ult-ih-list \"  data-shape=\"circle\"  data-width=\"260\"  data-height=\"260\"  style=\"text-align:center; \"><li id=\"ult-ih-list-item-3386\" class=\"ult-ih-list-item\" style=\"height: 260px; width: 260px;  margin: 5px\"><a class=\"ult-ih-link\" href=\"https:\/\/servisoud-et.com\/en\/welding-equipment\/arc-generators\/\" title=\"Discover ARC generators\"  ><div style=\"height: 260px; width: 260px; \" class=\"ult-ih-item ult-ih-effect13  ult-ih-top_to_bottom  \"><div class=\"ult-ih-image-block\" style=\"height: 260px; width: 260px; \">\t<div class=\"ult-ih-wrapper\" style=\"\"><\/div>\t<img decoding=\"async\" class=\"ult-ih-image\" src=\"https:\/\/servisoud-et.com\/wp-content\/uploads\/sites\/5\/Generateur-soudage-ARC.png\" alt=\"null\"><\/div><div class=\"ult-ih-info\" style=\"background-color: #2F3787; \">\t<div class=\"ult-ih-info-back\">\t<div class=\"ult-ih-content\">\t\t\t<div class=\"ult-ih-heading-block\" style=\"\">\t\t\t\t<h4 class=\"ult-ih-heading ult-responsive\" style=\"font-weight:bold;color:#ffffff;\"  data-ultimate-target='#ult-ih-list-item-3386 .ult-ih-heading'  data-responsive-json-new='{\"font-size\":\"desktop:23px;\",\"line-height\":\"desktop:28px;\"}' >ARC GENERATORS<\/h4>\t\t\t<\/div>\t\t\t<div class=\"ult-ih-divider-block\" style=\"height:2px;\">\t\t\t\t<span class=\"ult-ih-line\" style=\"border-style:solid;border-color:#009DE0;width:100px;border-width:2px;\"><\/span>\t\t\t<\/div>\t\t\t<div class=\"ult-ih-description-block\" style=\"\">\t\t\t\t<div class=\"ult-ih-description ult-responsive\" style=\"color:#FFFFFF;\"  data-ultimate-target='#ult-ih-list-item-3386 .ult-ih-description, #ult-ih-list-item-3386 .ult-ih-description p'  data-responsive-json-new='{\"font-size\":\"desktop:12px;\",\"line-height\":\"desktop:18px;\"}' >\t\t\t\t<\/div>\t\t\t<\/div>\t<\/div>\t<\/div><\/div><\/div><\/a><\/li>\t<\/ul><\/div><div class=\"ult-ih-container ult-adjust-bottom-margin  \" >\t<ul class=\"ult-ih-list \"  data-shape=\"circle\"  data-width=\"260\"  data-height=\"260\"  style=\"text-align:center; \"><li id=\"ult-ih-list-item-9127\" class=\"ult-ih-list-item\" style=\"height: 260px; width: 260px;  margin: 5px\"><a class=\"ult-ih-link\" href=\"https:\/\/servisoud-et.com\/en\/welding-equipment\/tig-generator\/\" title=\"Discover TIG generators\"  ><div style=\"height: 260px; width: 260px; \" class=\"ult-ih-item ult-ih-effect13  ult-ih-top_to_bottom  \"><div class=\"ult-ih-image-block\" style=\"height: 260px; width: 260px; \">\t<div class=\"ult-ih-wrapper\" style=\"\"><\/div>\t<img decoding=\"async\" class=\"ult-ih-image\" src=\"https:\/\/servisoud-et.com\/wp-content\/uploads\/sites\/5\/Generateurs-soudage-TIG.png\" alt=\"null\"><\/div><div class=\"ult-ih-info\" style=\"background-color: #2F3787; \">\t<div class=\"ult-ih-info-back\">\t<div class=\"ult-ih-content\">\t\t\t<div class=\"ult-ih-heading-block\" style=\"\">\t\t\t\t<h4 class=\"ult-ih-heading ult-responsive\" style=\"font-weight:bold;color:#ffffff;\"  data-ultimate-target='#ult-ih-list-item-9127 .ult-ih-heading'  data-responsive-json-new='{\"font-size\":\"desktop:23px;\",\"line-height\":\"desktop:28px;\"}' >TIG GENERATORS<\/h4>\t\t\t<\/div>\t\t\t<div class=\"ult-ih-divider-block\" style=\"height:2px;\">\t\t\t\t<span class=\"ult-ih-line\" style=\"border-style:solid;border-color:#009DE0;width:100px;border-width:2px;\"><\/span>\t\t\t<\/div>\t\t\t<div class=\"ult-ih-description-block\" style=\"\">\t\t\t\t<div class=\"ult-ih-description ult-responsive\" style=\"color:#FFFFFF;\"  data-ultimate-target='#ult-ih-list-item-9127 .ult-ih-description, #ult-ih-list-item-9127 .ult-ih-description p'  data-responsive-json-new='{\"font-size\":\"desktop:12px;\",\"line-height\":\"desktop:18px;\"}' >\t\t\t\t<\/div>\t\t\t<\/div>\t<\/div>\t<\/div><\/div><\/div><\/a><\/li>\t<\/ul><\/div>[\/vc_column][vc_column width=&#8221;1\/3&#8243;]<div class=\"ult-ih-container ult-adjust-bottom-margin  \" >\t<ul class=\"ult-ih-list \"  data-shape=\"circle\"  data-width=\"260\"  data-height=\"260\"  style=\"text-align:center; \"><li id=\"ult-ih-list-item-7823\" class=\"ult-ih-list-item\" style=\"height: 260px; width: 260px;  margin: 5px\"><a class=\"ult-ih-link\" href=\"https:\/\/servisoud-et.com\/en\/welding-equipment\/mig-mag-generators\/\" title=\"Discover MIG-MAG Generators\"  ><div style=\"height: 260px; width: 260px; \" class=\"ult-ih-item ult-ih-effect13  ult-ih-top_to_bottom  \"><div class=\"ult-ih-image-block\" style=\"height: 260px; width: 260px; \">\t<div class=\"ult-ih-wrapper\" style=\"\"><\/div>\t<img decoding=\"async\" class=\"ult-ih-image\" src=\"https:\/\/servisoud-et.com\/wp-content\/uploads\/sites\/5\/Generateurs-MIG-MAG.png\" alt=\"null\"><\/div><div class=\"ult-ih-info\" style=\"background-color: #2F3787; \">\t<div class=\"ult-ih-info-back\">\t<div class=\"ult-ih-content\">\t\t\t<div class=\"ult-ih-heading-block\" style=\"\">\t\t\t\t<h4 class=\"ult-ih-heading ult-responsive\" style=\"font-weight:bold;color:#ffffff;\"  data-ultimate-target='#ult-ih-list-item-7823 .ult-ih-heading'  data-responsive-json-new='{\"font-size\":\"desktop:23px;\",\"line-height\":\"desktop:28px;\"}' >MIG\/MAG GENERATORS<\/h4>\t\t\t<\/div>\t\t\t<div class=\"ult-ih-divider-block\" style=\"height:2px;\">\t\t\t\t<span class=\"ult-ih-line\" style=\"border-style:solid;border-color:#009DE0;width:100px;border-width:2px;\"><\/span>\t\t\t<\/div>\t\t\t<div class=\"ult-ih-description-block\" style=\"\">\t\t\t\t<div class=\"ult-ih-description ult-responsive\" style=\"color:#FFFFFF;\"  data-ultimate-target='#ult-ih-list-item-7823 .ult-ih-description, #ult-ih-list-item-7823 .ult-ih-description p'  data-responsive-json-new='{\"font-size\":\"desktop:12px;\",\"line-height\":\"desktop:18px;\"}' >\t\t\t\t<\/div>\t\t\t<\/div>\t<\/div>\t<\/div><\/div><\/div><\/a><\/li>\t<\/ul><\/div><div class=\"ult-ih-container ult-adjust-bottom-margin  \" >\t<ul class=\"ult-ih-list \"  data-shape=\"circle\"  data-width=\"260\"  data-height=\"260\"  style=\"text-align:center; \"><li id=\"ult-ih-list-item-8190\" class=\"ult-ih-list-item\" style=\"height: 260px; width: 260px;  margin: 5px\"><a class=\"ult-ih-link\" href=\"https:\/\/servisoud-et.com\/en\/welding-equipment\/welding-camera\/\" title=\"Discover CAVITAR, welding camera\"  ><div style=\"height: 260px; width: 260px; \" class=\"ult-ih-item ult-ih-effect13  ult-ih-top_to_bottom  \"><div class=\"ult-ih-image-block\" style=\"height: 260px; width: 260px; \">\t<div class=\"ult-ih-wrapper\" style=\"\"><\/div>\t<img decoding=\"async\" class=\"ult-ih-image\" src=\"https:\/\/servisoud-et.com\/wp-content\/uploads\/sites\/5\/camera-cavitar.png\" alt=\"null\"><\/div><div class=\"ult-ih-info\" style=\"background-color: #2F3787; \">\t<div class=\"ult-ih-info-back\">\t<div class=\"ult-ih-content\">\t\t\t<div class=\"ult-ih-heading-block\" style=\"\">\t\t\t\t<h4 class=\"ult-ih-heading ult-responsive\" style=\"font-weight:bold;color:#ffffff;\"  data-ultimate-target='#ult-ih-list-item-8190 .ult-ih-heading'  data-responsive-json-new='{\"font-size\":\"desktop:23px;\",\"line-height\":\"desktop:28px;\"}' >CAVITAR<\/h4>\t\t\t<\/div>\t\t\t<div class=\"ult-ih-divider-block\" style=\"height:2px;\">\t\t\t\t<span class=\"ult-ih-line\" style=\"border-style:solid;border-color:#009DE0;width:100px;border-width:2px;\"><\/span>\t\t\t<\/div>\t\t\t<div class=\"ult-ih-description-block\" style=\"\">\t\t\t\t<div class=\"ult-ih-description ult-responsive\" style=\"color:#FFFFFF;\"  data-ultimate-target='#ult-ih-list-item-8190 .ult-ih-description, #ult-ih-list-item-8190 .ult-ih-description p'  data-responsive-json-new='{\"font-size\":\"desktop:18px;\",\"line-height\":\"desktop:18px;\"}' ><p style=\"text-align: center;\">Welding camera<\/p>\n\t\t\t\t<\/div>\t\t\t<\/div>\t<\/div>\t<\/div><\/div><\/div><\/a><\/li>\t<\/ul><\/div>[\/vc_column][vc_column width=&#8221;1\/3&#8243;]<div class=\"ult-ih-container ult-adjust-bottom-margin  \" >\t<ul class=\"ult-ih-list \"  data-shape=\"circle\"  data-width=\"260\"  data-height=\"260\"  style=\"text-align:center; \"><li id=\"ult-ih-list-item-7448\" class=\"ult-ih-list-item\" style=\"height: 260px; width: 260px;  margin: 5px\"><a class=\"ult-ih-link\" href=\"https:\/\/servisoud-et.com\/en\/welding-equipment\/plasma-cutting-generators\/\" title=\"Discover plasma cutting generators\"  ><div style=\"height: 260px; width: 260px; \" class=\"ult-ih-item ult-ih-effect13  ult-ih-top_to_bottom  \"><div class=\"ult-ih-image-block\" style=\"height: 260px; width: 260px; \">\t<div class=\"ult-ih-wrapper\" style=\"\"><\/div>\t<img decoding=\"async\" class=\"ult-ih-image\" src=\"https:\/\/servisoud-et.com\/wp-content\/uploads\/sites\/5\/Generateurs-de-coupage-PLASMA.png\" alt=\"null\"><\/div><div class=\"ult-ih-info\" style=\"background-color: #2F3787; \">\t<div class=\"ult-ih-info-back\">\t<div class=\"ult-ih-content\">\t\t\t<div class=\"ult-ih-heading-block\" style=\"\">\t\t\t\t<h4 class=\"ult-ih-heading ult-responsive\" style=\"font-weight:bold;color:#ffffff;\"  data-ultimate-target='#ult-ih-list-item-7448 .ult-ih-heading'  data-responsive-json-new='{\"font-size\":\"desktop:23px;\",\"line-height\":\"desktop:28px;\"}' >PLASMA CUTTING GENERATORS<\/h4>\t\t\t<\/div>\t\t\t<div class=\"ult-ih-divider-block\" style=\"height:2px;\">\t\t\t\t<span class=\"ult-ih-line\" style=\"border-style:solid;border-color:#009DE0;width:100px;border-width:2px;\"><\/span>\t\t\t<\/div>\t\t\t<div class=\"ult-ih-description-block\" style=\"\">\t\t\t\t<div class=\"ult-ih-description ult-responsive\" style=\"color:#FFFFFF;\"  data-ultimate-target='#ult-ih-list-item-7448 .ult-ih-description, #ult-ih-list-item-7448 .ult-ih-description p'  data-responsive-json-new='{\"font-size\":\"desktop:12px;\",\"line-height\":\"desktop:18px;\"}' >\t\t\t\t<\/div>\t\t\t<\/div>\t<\/div>\t<\/div><\/div><\/div><\/a><\/li>\t<\/ul><\/div>[\/vc_column][\/vc_row][vc_row][vc_column][vc_empty_space height=&#8221;60&#8243;][\/vc_column][\/vc_row][vc_row bg_type=&#8221;bg_color&#8221; bg_override=&#8221;full&#8221; bg_color_value=&#8221;#f2f2f2&#8243;][vc_column][vc_empty_space][vc_column_text]<\/p>\n<h3>Pourquoi choisir SERVISOUD ?<\/h3>\n<p>[\/vc_column_text][vc_row_inner content_placement=&#8221;middle&#8221;][vc_column_inner width=&#8221;1\/4&#8243;][vc_icon icon_fontawesome=&#8221;fas fa-stopwatch&#8221; color=&#8221;custom&#8221; size=&#8221;xl&#8221; align=&#8221;center&#8221; custom_color=&#8221;#2f3787&#8243;][vc_column_text]<\/p>\n<p style=\"text-align: center;\"><span style=\"color: #2f3787;\">Rapidit\u00e9 de mise en service du mat\u00e9riel<\/span><\/p>\n<p>[\/vc_column_text][\/vc_column_inner][vc_column_inner width=&#8221;1\/4&#8243;][vc_icon icon_fontawesome=&#8221;fas fa-pencil-ruler&#8221; color=&#8221;custom&#8221; size=&#8221;xl&#8221; align=&#8221;center&#8221; custom_color=&#8221;#2f3787&#8243;][vc_column_text]<\/p>\n<p style=\"text-align: center;\"><span style=\"color: #2f3787;\">Adaptation sur mesure pour vos travaux<\/span><\/p>\n<p>[\/vc_column_text][\/vc_column_inner][vc_column_inner width=&#8221;1\/4&#8243;][vc_icon icon_fontawesome=&#8221;fas fa-cog&#8221; color=&#8221;custom&#8221; size=&#8221;xl&#8221; align=&#8221;center&#8221; custom_color=&#8221;#2f3787&#8243;][vc_column_text]<\/p>\n<p style=\"text-align: center;\"><span style=\"color: #2f3787;\">Mat\u00e9riel b\u00e9n\u00e9ficiant d&#8217;innovations techniques r\u00e9centes<\/span><\/p>\n<p>[\/vc_column_text][\/vc_column_inner][vc_column_inner width=&#8221;1\/4&#8243;][vc_icon icon_fontawesome=&#8221;fas fa-map-marker-alt&#8221; color=&#8221;custom&#8221; size=&#8221;xl&#8221; align=&#8221;center&#8221; custom_color=&#8221;#2f3787&#8243;][vc_column_text]<\/p>\n<p style=\"text-align: center;\"><span style=\"color: #2f3787;\">Pr\u00e9sence sur toute la France (9 sites sur le territoire)<\/span><\/p>\n<p>[\/vc_column_text][\/vc_column_inner][\/vc_row_inner][vc_empty_space][\/vc_column][\/vc_row][vc_row][vc_column][vc_empty_space height=&#8221;64px&#8221;][vc_column_text]<\/p>\n<h3>Notre pr\u00e9sence sur le territoire<\/h3>\n<p>[\/vc_column_text][vc_gmaps link=&#8221;#E-8_JTNDaWZyYW1lJTIwc3JjJTNEJTIyaHR0cHMlM0ElMkYlMkZ3d3cuZ29vZ2xlLmNvbSUyRm1hcHMlMkZkJTJGdSUyRjElMkZlbWJlZCUzRm1pZCUzRDFBTzNpMm9ianI5d25qd255bVE3OEFkUF9POVI1eFl3JTI2ZWhiYyUzRDJFMzEyRiUyMiUyMHdpZHRoJTNEJTIyNjQwJTIyJTIwaGVpZ2h0JTNEJTIyNDgwJTIyJTNFJTNDJTJGaWZyYW1lJTNF&#8221;][\/vc_column][\/vc_row][vc_row][vc_column][vc_btn title=&#8221;Vous avez une demande de mat\u00e9riel de soudage ? Contactez nos \u00e9quipes !&#8221; style=&#8221;custom&#8221; custom_background=&#8221;#cd5b1b&#8221; custom_text=&#8221;#ffffff&#8221; size=&#8221;lg&#8221; align=&#8221;center&#8221; i_icon_fontawesome=&#8221;fas fa-envelope&#8221; add_icon=&#8221;true&#8221; link=&#8221;url:https%3A%2F%2Fservisoud-et.com%2Fcontact%2F|title:Contact&#8221;][\/vc_column][\/vc_row]<\/p>\n<\/div>","protected":false},"excerpt":{"rendered":"<p>[vc_row][vc_column][vc_column_text] Welding equipment [\/vc_column_text][vc_column_text css=&#8221;&#8221;]Discover our range of welding equipment available for sale or rental: MIG\/MAG generators, TIG generators, ARC generators, plasma cutting generators, fume extraction, welding cameras, &#8230;[\/vc_column_text][vc_empty_space height=&#8221;10&#8243;][\/vc_column][\/vc_row][vc_row][vc_column&hellip;<\/p>\n","protected":false},"author":1,"featured_media":18028,"parent":0,"menu_order":0,"comment_status":"closed","ping_status":"closed","template":"","meta":{"_acf_changed":false,"_ps_exclude_item":"","footnotes":""},"class_list":["post-18345","page","type-page","status-publish","has-post-thumbnail","hentry"],"acf":[],"yoast_head":"<title>Welding equipment - SERVISOUD<\/title>\n<meta name=\"robots\" content=\"index, follow, max-snippet:-1, max-image-preview:large, max-video-preview:-1\" \/>\n<link rel=\"canonical\" href=\"https:\/\/servisoud-et.com\/en\/welding-equipment\/\" \/>\n<meta property=\"og:locale\" content=\"en_US\" \/>\n<meta property=\"og:type\" content=\"article\" \/>\n<meta property=\"og:title\" content=\"Welding equipment - SERVISOUD\" \/>\n<meta property=\"og:description\" content=\"[vc_row][vc_column][vc_column_text] Welding equipment [\/vc_column_text][vc_column_text css=&#8221;&#8221;]Discover our range of welding equipment available for sale or rental: MIG\/MAG generators, TIG generators, ARC generators, plasma cutting generators, fume extraction, welding cameras, &#8230;[\/vc_column_text][vc_empty_space height=&#8221;10&#8243;][\/vc_column][\/vc_row][vc_row][vc_column&hellip;\" \/>\n<meta property=\"og:url\" content=\"https:\/\/servisoud-et.com\/en\/welding-equipment\/\" \/>\n<meta property=\"og:site_name\" content=\"SERVISOUD\" \/>\n<meta property=\"article:modified_time\" content=\"2025-10-09T10:12:09+00:00\" \/>\n<meta property=\"og:image\" content=\"https:\/\/servisoud-et.com\/wp-content\/uploads\/sites\/5\/Materiel-de-soudage-Location-SERVISOUD-scaled.jpg\" \/>\n\t<meta property=\"og:image:width\" content=\"2560\" \/>\n\t<meta property=\"og:image:height\" content=\"1157\" \/>\n\t<meta property=\"og:image:type\" content=\"image\/jpeg\" \/>\n<meta name=\"twitter:card\" content=\"summary_large_image\" \/>\n<meta name=\"twitter:site\" content=\"@EuropeTechno\" \/>\n<meta name=\"twitter:label1\" content=\"Est. reading time\" \/>\n\t<meta name=\"twitter:data1\" content=\"2 minutes\" \/>\n<script type=\"application\/ld+json\" class=\"yoast-schema-graph\">{\"@context\":\"https:\\\/\\\/schema.org\",\"@graph\":[{\"@type\":\"WebPage\",\"@id\":\"https:\\\/\\\/servisoud-et.com\\\/en\\\/welding-equipment\\\/\",\"url\":\"https:\\\/\\\/servisoud-et.com\\\/en\\\/welding-equipment\\\/\",\"name\":\"Welding equipment - SERVISOUD\",\"isPartOf\":{\"@id\":\"https:\\\/\\\/servisoud-et.com\\\/#website\"},\"primaryImageOfPage\":{\"@id\":\"https:\\\/\\\/servisoud-et.com\\\/en\\\/welding-equipment\\\/#primaryimage\"},\"image\":{\"@id\":\"https:\\\/\\\/servisoud-et.com\\\/en\\\/welding-equipment\\\/#primaryimage\"},\"thumbnailUrl\":\"https:\\\/\\\/servisoud-et.com\\\/wp-content\\\/uploads\\\/sites\\\/5\\\/Materiel-de-soudage-Location-SERVISOUD-scaled.jpg\",\"datePublished\":\"2022-12-15T09:51:43+00:00\",\"dateModified\":\"2025-10-09T10:12:09+00:00\",\"breadcrumb\":{\"@id\":\"https:\\\/\\\/servisoud-et.com\\\/en\\\/welding-equipment\\\/#breadcrumb\"},\"inLanguage\":\"en-US\",\"potentialAction\":[{\"@type\":\"ReadAction\",\"target\":[\"https:\\\/\\\/servisoud-et.com\\\/en\\\/welding-equipment\\\/\"]}]},{\"@type\":\"ImageObject\",\"inLanguage\":\"en-US\",\"@id\":\"https:\\\/\\\/servisoud-et.com\\\/en\\\/welding-equipment\\\/#primaryimage\",\"url\":\"https:\\\/\\\/servisoud-et.com\\\/wp-content\\\/uploads\\\/sites\\\/5\\\/Materiel-de-soudage-Location-SERVISOUD-scaled.jpg\",\"contentUrl\":\"https:\\\/\\\/servisoud-et.com\\\/wp-content\\\/uploads\\\/sites\\\/5\\\/Materiel-de-soudage-Location-SERVISOUD-scaled.jpg\",\"width\":2560,\"height\":1157,\"caption\":\"Mat\u00e9riel de soudage - SERVISOUD\"},{\"@type\":\"BreadcrumbList\",\"@id\":\"https:\\\/\\\/servisoud-et.com\\\/en\\\/welding-equipment\\\/#breadcrumb\",\"itemListElement\":[{\"@type\":\"ListItem\",\"position\":1,\"name\":\"Home\",\"item\":\"https:\\\/\\\/servisoud-et.com\\\/en\\\/\"},{\"@type\":\"ListItem\",\"position\":2,\"name\":\"Welding equipment\"}]},{\"@type\":\"WebSite\",\"@id\":\"https:\\\/\\\/servisoud-et.com\\\/#website\",\"url\":\"https:\\\/\\\/servisoud-et.com\\\/\",\"name\":\"SERVISOUD\",\"description\":\"\",\"potentialAction\":[{\"@type\":\"SearchAction\",\"target\":{\"@type\":\"EntryPoint\",\"urlTemplate\":\"https:\\\/\\\/servisoud-et.com\\\/?s={search_term_string}\"},\"query-input\":{\"@type\":\"PropertyValueSpecification\",\"valueRequired\":true,\"valueName\":\"search_term_string\"}}],\"inLanguage\":\"en-US\"}]}<\/script>","yoast_head_json":{"title":"Welding equipment - SERVISOUD","robots":{"index":"index","follow":"follow","max-snippet":"max-snippet:-1","max-image-preview":"max-image-preview:large","max-video-preview":"max-video-preview:-1"},"canonical":"https:\/\/servisoud-et.com\/en\/welding-equipment\/","og_locale":"en_US","og_type":"article","og_title":"Welding equipment - SERVISOUD","og_description":"[vc_row][vc_column][vc_column_text] Welding equipment [\/vc_column_text][vc_column_text css=&#8221;&#8221;]Discover our range of welding equipment available for sale or rental: MIG\/MAG generators, TIG generators, ARC generators, plasma cutting generators, fume extraction, welding cameras, &#8230;[\/vc_column_text][vc_empty_space height=&#8221;10&#8243;][\/vc_column][\/vc_row][vc_row][vc_column&hellip;","og_url":"https:\/\/servisoud-et.com\/en\/welding-equipment\/","og_site_name":"SERVISOUD","article_modified_time":"2025-10-09T10:12:09+00:00","og_image":[{"width":2560,"height":1157,"url":"https:\/\/servisoud-et.com\/wp-content\/uploads\/sites\/5\/Materiel-de-soudage-Location-SERVISOUD-scaled.jpg","type":"image\/jpeg"}],"twitter_card":"summary_large_image","twitter_site":"@EuropeTechno","twitter_misc":{"Est. reading time":"2 minutes"},"schema":{"@context":"https:\/\/schema.org","@graph":[{"@type":"WebPage","@id":"https:\/\/servisoud-et.com\/en\/welding-equipment\/","url":"https:\/\/servisoud-et.com\/en\/welding-equipment\/","name":"Welding equipment - SERVISOUD","isPartOf":{"@id":"https:\/\/servisoud-et.com\/#website"},"primaryImageOfPage":{"@id":"https:\/\/servisoud-et.com\/en\/welding-equipment\/#primaryimage"},"image":{"@id":"https:\/\/servisoud-et.com\/en\/welding-equipment\/#primaryimage"},"thumbnailUrl":"https:\/\/servisoud-et.com\/wp-content\/uploads\/sites\/5\/Materiel-de-soudage-Location-SERVISOUD-scaled.jpg","datePublished":"2022-12-15T09:51:43+00:00","dateModified":"2025-10-09T10:12:09+00:00","breadcrumb":{"@id":"https:\/\/servisoud-et.com\/en\/welding-equipment\/#breadcrumb"},"inLanguage":"en-US","potentialAction":[{"@type":"ReadAction","target":["https:\/\/servisoud-et.com\/en\/welding-equipment\/"]}]},{"@type":"ImageObject","inLanguage":"en-US","@id":"https:\/\/servisoud-et.com\/en\/welding-equipment\/#primaryimage","url":"https:\/\/servisoud-et.com\/wp-content\/uploads\/sites\/5\/Materiel-de-soudage-Location-SERVISOUD-scaled.jpg","contentUrl":"https:\/\/servisoud-et.com\/wp-content\/uploads\/sites\/5\/Materiel-de-soudage-Location-SERVISOUD-scaled.jpg","width":2560,"height":1157,"caption":"Mat\u00e9riel de soudage - SERVISOUD"},{"@type":"BreadcrumbList","@id":"https:\/\/servisoud-et.com\/en\/welding-equipment\/#breadcrumb","itemListElement":[{"@type":"ListItem","position":1,"name":"Home","item":"https:\/\/servisoud-et.com\/en\/"},{"@type":"ListItem","position":2,"name":"Welding equipment"}]},{"@type":"WebSite","@id":"https:\/\/servisoud-et.com\/#website","url":"https:\/\/servisoud-et.com\/","name":"SERVISOUD","description":"","potentialAction":[{"@type":"SearchAction","target":{"@type":"EntryPoint","urlTemplate":"https:\/\/servisoud-et.com\/?s={search_term_string}"},"query-input":{"@type":"PropertyValueSpecification","valueRequired":true,"valueName":"search_term_string"}}],"inLanguage":"en-US"}]}},"_links":{"self":[{"href":"https:\/\/servisoud-et.com\/en\/wp-json\/wp\/v2\/pages\/18345","targetHints":{"allow":["GET"]}}],"collection":[{"href":"https:\/\/servisoud-et.com\/en\/wp-json\/wp\/v2\/pages"}],"about":[{"href":"https:\/\/servisoud-et.com\/en\/wp-json\/wp\/v2\/types\/page"}],"author":[{"embeddable":true,"href":"https:\/\/servisoud-et.com\/en\/wp-json\/wp\/v2\/users\/1"}],"replies":[{"embeddable":true,"href":"https:\/\/servisoud-et.com\/en\/wp-json\/wp\/v2\/comments?post=18345"}],"version-history":[{"count":5,"href":"https:\/\/servisoud-et.com\/en\/wp-json\/wp\/v2\/pages\/18345\/revisions"}],"predecessor-version":[{"id":20385,"href":"https:\/\/servisoud-et.com\/en\/wp-json\/wp\/v2\/pages\/18345\/revisions\/20385"}],"wp:featuredmedia":[{"embeddable":true,"href":"https:\/\/servisoud-et.com\/en\/wp-json\/wp\/v2\/media\/18028"}],"wp:attachment":[{"href":"https:\/\/servisoud-et.com\/en\/wp-json\/wp\/v2\/media?parent=18345"}],"curies":[{"name":"wp","href":"https:\/\/api.w.org\/{rel}","templated":true}]}}