{"id":18358,"date":"2022-12-15T11:35:42","date_gmt":"2022-12-15T10:35:42","guid":{"rendered":"https:\/\/servisoud-et.com\/?page_id=18358"},"modified":"2022-12-15T11:35:44","modified_gmt":"2022-12-15T10:35:44","slug":"arc-generators","status":"publish","type":"page","link":"https:\/\/servisoud-et.com\/en\/welding-equipment\/arc-generators\/","title":{"rendered":"ARC Generators"},"content":{"rendered":"<div class=\"wpb-content-wrapper\"><p>[vc_row equal_height=&#8221;yes&#8221; content_placement=&#8221;middle&#8221;][vc_column][vc_row_inner equal_height=&#8221;yes&#8221; content_placement=&#8221;middle&#8221; gap=&#8221;15&#8243;][vc_column_inner width=&#8221;2\/3&#8243;][vc_column_text]<\/p>\n<h2>G\u00e9n\u00e9rateurs soudage ARC<\/h2>\n<p>Nous proposons \u00e0 la vente et \u00e0 la location une gamme de g\u00e9n\u00e9rateurs pour soudage ARC. Disponibles en alimentation batterie, 230 ou 400V, tous nos g\u00e9n\u00e9rateurs sont \u00e9quip\u00e9s de :<\/p>\n<ul>\n<li>Technologie onduleurs : poids et consommations \u00e9lectriques r\u00e9duites<\/li>\n<li>Pince de masse type croco laiton, pince porte \u00e9lectrode type stubby d&#8217;une longueur standard de 4m<\/li>\n<\/ul>\n<p>Ils sont aussi utilisables avec des \u00e9lectrodes rutiles ou bien basiques.<\/p>\n<p>Pour toutes demandes et \u00e9quipements sp\u00e9cifiques, merci de nous contacter (ex: rallonge de pince sp\u00e9ciale, groupe \u00e9lectrog\u00e8ne&#8230;)[\/vc_column_text][vc_empty_space][\/vc_column_inner][vc_column_inner width=&#8221;1\/3&#8243;]<div id=\"ult-carousel-108092603569e15df135e33\" class=\"ult-carousel-wrapper   ult_horizontal\" data-gutter=\"15\" data-rtl=\"false\" ><div class=\"ult-carousel-346600641169e15df135d4f \" >[vc_single_image image=&#8221;16360&#8243; img_size=&#8221;full&#8221;][vc_single_image image=&#8221;16338&#8243; img_size=&#8221;full&#8221;][vc_single_image image=&#8221;16352&#8243; img_size=&#8221;full&#8221;]<\/div><\/div>\t\t\t<script type=\"text\/javascript\">\n\t\t\t\tjQuery(document).ready(function ($) {\n\t\t\t\t\tif( typeof jQuery('.ult-carousel-346600641169e15df135d4f').slick == \"function\"){\n\t\t\t\t\t\t$('.ult-carousel-346600641169e15df135d4f').slick({dots: false,autoplaySpeed: \"5000\",speed: \"300\",infinite: false,arrows: true,nextArrow: '<button type=\"button\" role=\"button\" aria-label=\"Next\" style=\"color:#009de0; font-size:20px;border:1px solid #009de0;\" class=\"slick-next circle-border\"><i class=\"ultsl-arrow-right4\"><\/i><\/button>',prevArrow: '<button type=\"button\" role=\"button\" aria-label=\"Previous\" style=\"color:#009de0; font-size:20px;border:1px solid #009de0;\" class=\"slick-prev circle-border\"><i class=\"ultsl-arrow-left4\"><\/i><\/button>',slidesToScroll:1,slidesToShow:1,swipe: true,draggable: true,touchMove: true,pauseOnHover: true,pauseOnFocus: false,responsive: [\n\t\t\t\t\t\t\t{\n\t\t\t\t\t\t\t  breakpoint: 1026,\n\t\t\t\t\t\t\t  settings: {\n\t\t\t\t\t\t\t\tslidesToShow: 1,\n\t\t\t\t\t\t\t\tslidesToScroll: 1,  \n\t\t\t\t\t\t\t  }\n\t\t\t\t\t\t\t},\n\t\t\t\t\t\t\t{\n\t\t\t\t\t\t\t  breakpoint: 1025,\n\t\t\t\t\t\t\t  settings: {\n\t\t\t\t\t\t\t\tslidesToShow: 3,\n\t\t\t\t\t\t\t\tslidesToScroll: 3\n\t\t\t\t\t\t\t  }\n\t\t\t\t\t\t\t},\n\t\t\t\t\t\t\t{\n\t\t\t\t\t\t\t  breakpoint: 760,\n\t\t\t\t\t\t\t  settings: {\n\t\t\t\t\t\t\t\tslidesToShow: 2,\n\t\t\t\t\t\t\t\tslidesToScroll: 2\n\t\t\t\t\t\t\t  }\n\t\t\t\t\t\t\t}\n\t\t\t\t\t\t],pauseOnDotsHover: true,customPaging: function(slider, i) {\n                   return '<i type=\"button\" style= \"color:#333333;\" class=\"ultsl-record\" data-role=\"none\"><\/i>';\n                },});\n\t\t\t\t\t}\n\t\t\t\t});\n\t\t\t<\/script>\n\t\t\t[\/vc_column_inner][\/vc_row_inner][vc_row_inner equal_height=&#8221;yes&#8221; content_placement=&#8221;middle&#8221; gap=&#8221;35&#8243;][vc_column_inner width=&#8221;1\/2&#8243;]<div class=\"ult-content-box-container \" >\t<a class=\"ult-content-box-anchor\" href=\"https:\/\/servisoud-et.com\/contact\/\" title=\"Contact\" >\t\t<div class=\"ult-content-box\" style=\"background-color:rgba(0,157,224,0.15);box-shadow: px px px px none;padding:15px;-webkit-transition: all 700ms ease;-moz-transition: all 700ms ease;-ms-transition: all 700ms ease;-o-transition: all 700ms ease;transition: all 700ms ease;\"  data-hover_bg_color=\"#f2f2f2\"  data-hover_box_shadow=\"none\"     data-bg=\"rgba(0,157,224,0.15)\" >[vc_empty_space height=&#8221;15px&#8221;][vc_icon icon_fontawesome=&#8221;fas fa-cart-arrow-down&#8221; color=&#8221;custom&#8221; background_style=&#8221;rounded-outline&#8221; background_color=&#8221;custom&#8221; size=&#8221;lg&#8221; align=&#8221;center&#8221; custom_color=&#8221;#009de0&#8243; custom_background_color=&#8221;#009de0&#8243;][vc_column_text]<\/p>\n<p style=\"text-align: center;\"><span style=\"font-size: 1.1em; color: #009de0;\"><strong>Vous souhaitez acheter un g\u00e9n\u00e9rateur de soudage ARC ?<br \/>\n<\/strong><strong>\u00c9crivez-nous, nos \u00e9quipes vous feront parvenir un devis !<\/strong><\/span><\/p>\n<p>[\/vc_column_text]<div class=\" ubtn-ctn-center \"><a class=\"ubtn-link ult-adjust-bottom-margin ubtn-center ubtn-normal \" href=\"https:\/\/servisoud-et.com\/contact\/\" title=\"Acheter ce produit !\" ><button type=\"button\" id=\"ubtn-7596\"  class=\"ubtn ult-adjust-bottom-margin ult-responsive ubtn-normal ubtn-fade-bg  none  ubtn-center   tooltip-69e15df135ffa\"  data-hover=\"#ffffff\" data-border-color=\"#009de0\" data-bg=\"#009de0\" data-hover-bg=\"rgba(0,157,224,0.15)\" data-border-hover=\"rgba(0,157,224,0.15)\" data-shadow-hover=\"\" data-shadow-click=\"none\" data-shadow=\"\" data-shd-shadow=\"\"  data-ultimate-target='#ubtn-7596'  data-responsive-json-new='{\"font-size\":\"desktop:20px;\",\"line-height\":\"\"}'  style=\"font-weight:normal;border-radius:15px;border-width:1px;border-color:#009de0;border-style:solid;background: #009de0;color: #ffffff;\"><span class=\"ubtn-hover\" style=\"background-color:rgba(0,157,224,0.15)\"><\/span><span class=\"ubtn-data ubtn-text \" >Acheter<\/span><\/button><\/a><\/div>\t\t<\/div>\t<\/a><\/div>[\/vc_column_inner][vc_column_inner width=&#8221;1\/2&#8243;]<div class=\"ult-content-box-container \" >\t<a class=\"ult-content-box-anchor\" href=\"https:\/\/servisoud-et.com\/location\/\" title=\"Contact\" >\t\t<div class=\"ult-content-box\" style=\"background-color:rgba(205,91,27,0.15);box-shadow: px px px px none;padding:15px;-webkit-transition: all 700ms ease;-moz-transition: all 700ms ease;-ms-transition: all 700ms ease;-o-transition: all 700ms ease;transition: all 700ms ease;\"  data-hover_bg_color=\"#f2f2f2\"  data-hover_box_shadow=\"none\"     data-bg=\"rgba(205,91,27,0.15)\" >[vc_empty_space height=&#8221;15px&#8221;][vc_icon icon_fontawesome=&#8221;fas fa-history&#8221; color=&#8221;custom&#8221; background_style=&#8221;rounded-outline&#8221; background_color=&#8221;custom&#8221; size=&#8221;lg&#8221; align=&#8221;center&#8221; custom_color=&#8221;#cd5b1b&#8221; custom_background_color=&#8221;#cd5b1b&#8221;][vc_column_text]<\/p>\n<p style=\"text-align: center;\"><span style=\"font-size: 1.1em; color: #cd5b1b;\"><strong>Vous souhaitez louer un g\u00e9n\u00e9rateur de soudage ARC ?<br \/>\n<\/strong><strong>R\u00e9alisez votre demande de location en quelques clics !<\/strong><\/span><\/p>\n<p>[\/vc_column_text]<div class=\" ubtn-ctn-center \"><a class=\"ubtn-link ult-adjust-bottom-margin ubtn-center ubtn-normal \" href=\"https:\/\/servisoud-et.com\/location\/\" title=\"Louer ce produit !\" ><button type=\"button\" id=\"ubtn-5842\"  class=\"ubtn ult-adjust-bottom-margin ult-responsive ubtn-normal ubtn-fade-bg  none  ubtn-center   tooltip-69e15df13615c\"  data-hover=\"#ffffff\" data-border-color=\"#cd5b1b\" data-bg=\"#cd5b1b\" data-hover-bg=\"rgba(205,91,27,0.14)\" data-border-hover=\"rgba(205,91,27,0.15)\" data-shadow-hover=\"\" data-shadow-click=\"none\" data-shadow=\"\" data-shd-shadow=\"\"  data-ultimate-target='#ubtn-5842'  data-responsive-json-new='{\"font-size\":\"desktop:20px;\",\"line-height\":\"\"}'  style=\"font-weight:normal;border-radius:15px;border-width:1px;border-color:#cd5b1b;border-style:solid;background: #cd5b1b;color: #ffffff;\"><span class=\"ubtn-hover\" style=\"background-color:rgba(205,91,27,0.14)\"><\/span><span class=\"ubtn-data ubtn-text \" >Louer<\/span><\/button><\/a><\/div>\t\t<\/div>\t<\/a><\/div>[\/vc_column_inner][\/vc_row_inner][\/vc_column][\/vc_row]<\/p>\n<\/div>","protected":false},"excerpt":{"rendered":"<p>[vc_row equal_height=&#8221;yes&#8221; content_placement=&#8221;middle&#8221;][vc_column][vc_row_inner equal_height=&#8221;yes&#8221; content_placement=&#8221;middle&#8221; gap=&#8221;15&#8243;][vc_column_inner width=&#8221;2\/3&#8243;][vc_column_text] G\u00e9n\u00e9rateurs soudage ARC Nous proposons \u00e0 la vente et \u00e0 la location une gamme de g\u00e9n\u00e9rateurs pour soudage ARC. Disponibles en alimentation batterie,&hellip;<\/p>\n","protected":false},"author":1,"featured_media":0,"parent":18345,"menu_order":0,"comment_status":"closed","ping_status":"closed","template":"","meta":{"_acf_changed":false,"_ps_exclude_item":"","footnotes":""},"class_list":["post-18358","page","type-page","status-publish","hentry"],"acf":[],"yoast_head":"<title>ARC Generators - SERVISOUD<\/title>\n<meta name=\"robots\" content=\"index, follow, max-snippet:-1, max-image-preview:large, max-video-preview:-1\" \/>\n<link rel=\"canonical\" href=\"https:\/\/servisoud-et.com\/en\/welding-equipment\/arc-generators\/\" \/>\n<meta property=\"og:locale\" content=\"en_US\" \/>\n<meta property=\"og:type\" content=\"article\" \/>\n<meta property=\"og:title\" content=\"ARC Generators - SERVISOUD\" \/>\n<meta property=\"og:description\" content=\"[vc_row equal_height=&#8221;yes&#8221; content_placement=&#8221;middle&#8221;][vc_column][vc_row_inner equal_height=&#8221;yes&#8221; content_placement=&#8221;middle&#8221; gap=&#8221;15&#8243;][vc_column_inner width=&#8221;2\/3&#8243;][vc_column_text] G\u00e9n\u00e9rateurs soudage ARC Nous proposons \u00e0 la vente et \u00e0 la location une gamme de g\u00e9n\u00e9rateurs pour soudage ARC. Disponibles en alimentation batterie,&hellip;\" \/>\n<meta property=\"og:url\" content=\"https:\/\/servisoud-et.com\/en\/welding-equipment\/arc-generators\/\" \/>\n<meta property=\"og:site_name\" content=\"SERVISOUD\" \/>\n<meta property=\"article:modified_time\" content=\"2022-12-15T10:35:44+00:00\" \/>\n<meta name=\"twitter:card\" content=\"summary_large_image\" \/>\n<meta name=\"twitter:site\" content=\"@EuropeTechno\" \/>\n<meta name=\"twitter:label1\" content=\"Est. reading time\" \/>\n\t<meta name=\"twitter:data1\" content=\"3 minutes\" \/>\n<script type=\"application\/ld+json\" class=\"yoast-schema-graph\">{\"@context\":\"https:\\\/\\\/schema.org\",\"@graph\":[{\"@type\":\"WebPage\",\"@id\":\"https:\\\/\\\/servisoud-et.com\\\/en\\\/welding-equipment\\\/arc-generators\\\/\",\"url\":\"https:\\\/\\\/servisoud-et.com\\\/en\\\/welding-equipment\\\/arc-generators\\\/\",\"name\":\"ARC Generators - SERVISOUD\",\"isPartOf\":{\"@id\":\"https:\\\/\\\/servisoud-et.com\\\/#website\"},\"datePublished\":\"2022-12-15T10:35:42+00:00\",\"dateModified\":\"2022-12-15T10:35:44+00:00\",\"breadcrumb\":{\"@id\":\"https:\\\/\\\/servisoud-et.com\\\/en\\\/welding-equipment\\\/arc-generators\\\/#breadcrumb\"},\"inLanguage\":\"en-US\",\"potentialAction\":[{\"@type\":\"ReadAction\",\"target\":[\"https:\\\/\\\/servisoud-et.com\\\/en\\\/welding-equipment\\\/arc-generators\\\/\"]}]},{\"@type\":\"BreadcrumbList\",\"@id\":\"https:\\\/\\\/servisoud-et.com\\\/en\\\/welding-equipment\\\/arc-generators\\\/#breadcrumb\",\"itemListElement\":[{\"@type\":\"ListItem\",\"position\":1,\"name\":\"Home\",\"item\":\"https:\\\/\\\/servisoud-et.com\\\/en\\\/\"},{\"@type\":\"ListItem\",\"position\":2,\"name\":\"Welding equipment\",\"item\":\"https:\\\/\\\/servisoud-et.com\\\/en\\\/welding-equipment\\\/\"},{\"@type\":\"ListItem\",\"position\":3,\"name\":\"ARC Generators\"}]},{\"@type\":\"WebSite\",\"@id\":\"https:\\\/\\\/servisoud-et.com\\\/#website\",\"url\":\"https:\\\/\\\/servisoud-et.com\\\/\",\"name\":\"SERVISOUD\",\"description\":\"\",\"potentialAction\":[{\"@type\":\"SearchAction\",\"target\":{\"@type\":\"EntryPoint\",\"urlTemplate\":\"https:\\\/\\\/servisoud-et.com\\\/?s={search_term_string}\"},\"query-input\":{\"@type\":\"PropertyValueSpecification\",\"valueRequired\":true,\"valueName\":\"search_term_string\"}}],\"inLanguage\":\"en-US\"}]}<\/script>","yoast_head_json":{"title":"ARC Generators - SERVISOUD","robots":{"index":"index","follow":"follow","max-snippet":"max-snippet:-1","max-image-preview":"max-image-preview:large","max-video-preview":"max-video-preview:-1"},"canonical":"https:\/\/servisoud-et.com\/en\/welding-equipment\/arc-generators\/","og_locale":"en_US","og_type":"article","og_title":"ARC Generators - SERVISOUD","og_description":"[vc_row equal_height=&#8221;yes&#8221; content_placement=&#8221;middle&#8221;][vc_column][vc_row_inner equal_height=&#8221;yes&#8221; content_placement=&#8221;middle&#8221; gap=&#8221;15&#8243;][vc_column_inner width=&#8221;2\/3&#8243;][vc_column_text] G\u00e9n\u00e9rateurs soudage ARC Nous proposons \u00e0 la vente et \u00e0 la location une gamme de g\u00e9n\u00e9rateurs pour soudage ARC. Disponibles en alimentation batterie,&hellip;","og_url":"https:\/\/servisoud-et.com\/en\/welding-equipment\/arc-generators\/","og_site_name":"SERVISOUD","article_modified_time":"2022-12-15T10:35:44+00:00","twitter_card":"summary_large_image","twitter_site":"@EuropeTechno","twitter_misc":{"Est. reading time":"3 minutes"},"schema":{"@context":"https:\/\/schema.org","@graph":[{"@type":"WebPage","@id":"https:\/\/servisoud-et.com\/en\/welding-equipment\/arc-generators\/","url":"https:\/\/servisoud-et.com\/en\/welding-equipment\/arc-generators\/","name":"ARC Generators - SERVISOUD","isPartOf":{"@id":"https:\/\/servisoud-et.com\/#website"},"datePublished":"2022-12-15T10:35:42+00:00","dateModified":"2022-12-15T10:35:44+00:00","breadcrumb":{"@id":"https:\/\/servisoud-et.com\/en\/welding-equipment\/arc-generators\/#breadcrumb"},"inLanguage":"en-US","potentialAction":[{"@type":"ReadAction","target":["https:\/\/servisoud-et.com\/en\/welding-equipment\/arc-generators\/"]}]},{"@type":"BreadcrumbList","@id":"https:\/\/servisoud-et.com\/en\/welding-equipment\/arc-generators\/#breadcrumb","itemListElement":[{"@type":"ListItem","position":1,"name":"Home","item":"https:\/\/servisoud-et.com\/en\/"},{"@type":"ListItem","position":2,"name":"Welding equipment","item":"https:\/\/servisoud-et.com\/en\/welding-equipment\/"},{"@type":"ListItem","position":3,"name":"ARC Generators"}]},{"@type":"WebSite","@id":"https:\/\/servisoud-et.com\/#website","url":"https:\/\/servisoud-et.com\/","name":"SERVISOUD","description":"","potentialAction":[{"@type":"SearchAction","target":{"@type":"EntryPoint","urlTemplate":"https:\/\/servisoud-et.com\/?s={search_term_string}"},"query-input":{"@type":"PropertyValueSpecification","valueRequired":true,"valueName":"search_term_string"}}],"inLanguage":"en-US"}]}},"_links":{"self":[{"href":"https:\/\/servisoud-et.com\/en\/wp-json\/wp\/v2\/pages\/18358","targetHints":{"allow":["GET"]}}],"collection":[{"href":"https:\/\/servisoud-et.com\/en\/wp-json\/wp\/v2\/pages"}],"about":[{"href":"https:\/\/servisoud-et.com\/en\/wp-json\/wp\/v2\/types\/page"}],"author":[{"embeddable":true,"href":"https:\/\/servisoud-et.com\/en\/wp-json\/wp\/v2\/users\/1"}],"replies":[{"embeddable":true,"href":"https:\/\/servisoud-et.com\/en\/wp-json\/wp\/v2\/comments?post=18358"}],"version-history":[{"count":2,"href":"https:\/\/servisoud-et.com\/en\/wp-json\/wp\/v2\/pages\/18358\/revisions"}],"predecessor-version":[{"id":18360,"href":"https:\/\/servisoud-et.com\/en\/wp-json\/wp\/v2\/pages\/18358\/revisions\/18360"}],"up":[{"embeddable":true,"href":"https:\/\/servisoud-et.com\/en\/wp-json\/wp\/v2\/pages\/18345"}],"wp:attachment":[{"href":"https:\/\/servisoud-et.com\/en\/wp-json\/wp\/v2\/media?parent=18358"}],"curies":[{"name":"wp","href":"https:\/\/api.w.org\/{rel}","templated":true}]}}